{"id":149,"date":"2020-09-01T12:27:09","date_gmt":"2020-09-01T10:27:09","guid":{"rendered":"https:\/\/sofieprimeurs.com\/?page_id=149"},"modified":"2025-07-07T11:46:47","modified_gmt":"2025-07-07T09:46:47","slug":"foire-aux-questions","status":"publish","type":"page","link":"https:\/\/sofieprimeurs.com\/index.php\/foire-aux-questions\/","title":{"rendered":"Foire Aux Questions"},"content":{"rendered":"<p>[et_pb_section fb_built=\u00a0\u00bb1&Prime; _builder_version=\u00a0\u00bb4.16&Prime; background_color=\u00a0\u00bb#fffafc\u00a0\u00bb background_image=\u00a0\u00bbhttps:\/\/sofieprimeurs.com\/wp-content\/uploads\/2020\/09\/dietitian-99.png\u00a0\u00bb background_size=\u00a0\u00bbinitial\u00a0\u00bb background_position=\u00a0\u00bbtop_right\u00a0\u00bb global_colors_info=\u00a0\u00bb{}\u00a0\u00bb][et_pb_row custom_padding_last_edited=\u00a0\u00bbon|phone\u00a0\u00bb _builder_version=\u00a0\u00bb4.16&Prime; custom_margin=\u00a0\u00bb10px||||false|false\u00a0\u00bb custom_margin_tablet=\u00a0\u00bb\u00a0\u00bb custom_margin_phone=\u00a0\u00bb||||false|false\u00a0\u00bb custom_margin_last_edited=\u00a0\u00bbon|phone\u00a0\u00bb custom_padding=\u00a0\u00bb||||false|false\u00a0\u00bb custom_padding_tablet=\u00a0\u00bb\u00a0\u00bb custom_padding_phone=\u00a0\u00bb25px||||false|false\u00a0\u00bb global_colors_info=\u00a0\u00bb{}\u00a0\u00bb][et_pb_column type=\u00a0\u00bb4_4&Prime; _builder_version=\u00a0\u00bb4.16&Prime; global_colors_info=\u00a0\u00bb{}\u00a0\u00bb][et_pb_text _builder_version=\u00a0\u00bb4.16&Prime; text_font_size=\u00a0\u00bb17px\u00a0\u00bb text_line_height=\u00a0\u00bb1em\u00a0\u00bb header_font=\u00a0\u00bbDM Serif Display||||||||\u00a0\u00bb header_text_color=\u00a0\u00bb#353752&Prime; header_font_size=\u00a0\u00bb100px\u00a0\u00bb header_line_height=\u00a0\u00bb1.2em\u00a0\u00bb header_2_font=\u00a0\u00bbDM Serif Display||||||||\u00a0\u00bb header_2_font_size=\u00a0\u00bb60px\u00a0\u00bb header_3_font=\u00a0\u00bbDM Serif Display||||||||\u00a0\u00bb header_3_font_size=\u00a0\u00bb32px\u00a0\u00bb header_3_line_height=\u00a0\u00bb1.2em\u00a0\u00bb max_width_tablet=\u00a0\u00bb70%\u00a0\u00bb max_width_last_edited=\u00a0\u00bboff|phone\u00a0\u00bb text_font_size_tablet=\u00a0\u00bb\u00a0\u00bb text_font_size_phone=\u00a0\u00bb14px\u00a0\u00bb text_font_size_last_edited=\u00a0\u00bbon|phone\u00a0\u00bb header_font_size_tablet=\u00a0\u00bb52px\u00a0\u00bb header_font_size_phone=\u00a0\u00bb40px\u00a0\u00bb header_font_size_last_edited=\u00a0\u00bbon|tablet\u00a0\u00bb header_3_font_size_tablet=\u00a0\u00bb25px\u00a0\u00bb header_3_font_size_phone=\u00a0\u00bb20px\u00a0\u00bb header_3_font_size_last_edited=\u00a0\u00bbon|tablet\u00a0\u00bb locked=\u00a0\u00bboff\u00a0\u00bb global_colors_info=\u00a0\u00bb{}\u00a0\u00bb]<\/p>\n<h2 style=\"text-align: center;\">FAQ<\/h2>\n<h3 style=\"text-align: center;\"><span><strong>Des questions sur notre fonctionnement ?<\/strong><\/span><\/h3>\n<h3 style=\"text-align: center;\"><span><strong>Trouvez toutes les r\u00e9ponses ci-dessous :<\/strong><\/span><\/h3>\n<p><span><strong><\/strong><\/span><\/p>\n<p><span><strong><\/strong><\/span><\/p>\n<p><span><strong><\/strong><\/span><\/p>\n<p><span><strong><\/strong><\/span><\/p>\n<p><span><strong><\/strong><\/span><\/p>\n<p style=\"text-align: left;\"><strong>La livraison est elle gratuite ?<\/strong><\/p>\n<p style=\"text-align: left;\"><em>Oui, nous livrons gratuitement dans les villes desservies :<strong>\u00a0<\/strong>Linas, Saint-Germain-L\u00e8s-Arpajon, Arpajon, Avrainville, Saint-Sulpice de Favi\u00e8res, Breuillet, Lardy, Bouray-sur-Juine, Itteville et Bondoufle.<\/em><\/p>\n<p style=\"text-align: left;\"><i><\/i><\/p>\n<p style=\"text-align: left;\"><i><\/i><\/p>\n<p style=\"text-align: left;\"><strong>Le paiement en ligne est-il possible ?<\/strong><\/p>\n<p style=\"text-align: left;\"><i>Non, le paiement se fait \u00e0 la livraison et nous n&rsquo;acceptons pas la carte bancaire.<\/i><\/p>\n<p><strong><\/strong><\/p>\n<p style=\"text-align: left;\"><i><\/i><\/p>\n<p style=\"text-align: left;\"><strong>Puis-je me faire livrer sur mon lieu de travail ?<\/strong><\/p>\n<p style=\"text-align: left;\"><i>Oui, si votre lieu de travail se situe dans la <a href=\"https:\/\/www.sofieprimeurs.com\/#livraison\">zone de livraison.<\/a><\/i><\/p>\n<p style=\"text-align: left;\"><i><\/i><\/p>\n<p style=\"text-align: left;\"><i><\/i><\/p>\n<p style=\"text-align: left;\"><strong>Faut-il s\u2019engager sur un nombre de commandes hebdomadaires ?<\/strong><\/p>\n<p style=\"text-align: left;\"><i>Non, vous commandez \u00e0 votre rythme.<\/i><\/p>\n<p style=\"text-align: left;\"><i><\/i><\/p>\n<p style=\"text-align: left;\"><i><\/i><\/p>\n<p style=\"text-align: left;\"><strong>Est-il possible de modifier la composition des paniers ?<\/strong><\/p>\n<p style=\"text-align: left;\"><i>Oui, il <\/i><i>est possible d\u2019effectuer <\/i><i>1 ou 2 modifications en nous contactant.<\/i><\/p>\n<p style=\"text-align: left;\"><i><\/i><\/p>\n<p style=\"text-align: left;\"><i><\/i><\/p>\n<p style=\"text-align: left;\"><strong>Les produits sont-ils issus de l\u2019agriculture biologique ?<\/strong><\/p>\n<p style=\"text-align: left;\"><i>Non, mais l\u2019agriculture raisonn\u00e9e est privil\u00e9gi\u00e9e.<\/i><\/p>\n<p style=\"text-align: left;\"><i><\/i><\/p>\n<p style=\"text-align: left;\"><i><\/i><\/p>\n<p style=\"text-align: left;\"><strong>Est-il possible de commander en plus grande quantit\u00e9 ?<\/strong><\/p>\n<p style=\"text-align: left;\"><i>Oui, en nous contactant. Un suppl\u00e9ment sera appliqu\u00e9.<\/i><\/p>\n<p style=\"text-align: left;\"><i><\/i><\/p>\n<p style=\"text-align: left;\"><i><\/i><\/p>\n<p style=\"text-align: left;\"><strong>Puis-je commander d\u2019autres produits que ceux propos\u00e9s dans les paniers ?<\/strong><\/p>\n<p style=\"text-align: left;\"><i>Oui, en nous contactant. Cette offre est uniquement disponible en colis complet. \u00c0 noter, la quantit\u00e9 dans le colis d\u00e9pend du produit.<\/i><\/p>\n<p>[\/et_pb_text][\/et_pb_column][\/et_pb_row][et_pb_row _builder_version=\u00a0\u00bb4.16&Prime; _module_preset=\u00a0\u00bbdefault\u00a0\u00bb custom_margin=\u00a0\u00bb84px||||false|false\u00a0\u00bb custom_margin_tablet=\u00a0\u00bb\u00a0\u00bb custom_margin_phone=\u00a0\u00bb84px||||false|false\u00a0\u00bb custom_margin_last_edited=\u00a0\u00bbon|phone\u00a0\u00bb custom_padding=\u00a0\u00bb0px||28px||false|false\u00a0\u00bb global_colors_info=\u00a0\u00bb{}\u00a0\u00bb][et_pb_column type=\u00a0\u00bb4_4&Prime; _builder_version=\u00a0\u00bb4.16&Prime; _module_preset=\u00a0\u00bbdefault\u00a0\u00bb global_colors_info=\u00a0\u00bb{}\u00a0\u00bb][et_pb_image src=\u00a0\u00bbhttps:\/\/sofieprimeurs.com\/wp-content\/uploads\/2020\/09\/logosophiedef-2.png\u00a0\u00bb title_text=\u00a0\u00bbLogo Sofie Primeurs\u00a0\u00bb url=\u00a0\u00bbhttps:\/\/www.sofieprimeurs.com\/#paniers\u00a0\u00bb align=\u00a0\u00bbcenter\u00a0\u00bb _builder_version=\u00a0\u00bb4.16&Prime; _module_preset=\u00a0\u00bbdefault\u00a0\u00bb width=\u00a0\u00bb28%\u00a0\u00bb min_height=\u00a0\u00bb0px\u00a0\u00bb custom_margin=\u00a0\u00bb-81px||-28px||false|false\u00a0\u00bb custom_padding=\u00a0\u00bb15px||0px||false|false\u00a0\u00bb global_colors_info=\u00a0\u00bb{}\u00a0\u00bb][\/et_pb_image][et_pb_button button_url=\u00a0\u00bbhttps:\/\/www.sofieprimeurs.com\/#paniers\u00a0\u00bb button_text=\u00a0\u00bbCommander mon panier\u00a0\u00bb button_alignment=\u00a0\u00bbcenter\u00a0\u00bb _builder_version=\u00a0\u00bb4.16&Prime; _module_preset=\u00a0\u00bbdefault\u00a0\u00bb custom_button=\u00a0\u00bbon\u00a0\u00bb button_text_color=\u00a0\u00bb#ffffff\u00a0\u00bb background_layout=\u00a0\u00bbdark\u00a0\u00bb custom_margin_tablet=\u00a0\u00bb\u00a0\u00bb custom_margin_phone=\u00a0\u00bb16px||-12px||false|false\u00a0\u00bb custom_margin_last_edited=\u00a0\u00bbon|phone\u00a0\u00bb custom_padding_tablet=\u00a0\u00bb\u00a0\u00bb custom_padding_phone=\u00a0\u00bb\u00a0\u00bb custom_padding_last_edited=\u00a0\u00bbon|phone\u00a0\u00bb global_colors_info=\u00a0\u00bb{}\u00a0\u00bb][\/et_pb_button][\/et_pb_column][\/et_pb_row][\/et_pb_section][et_pb_section fb_built=\u00a0\u00bb1&Prime; admin_label=\u00a0\u00bbFooter\u00a0\u00bb _builder_version=\u00a0\u00bb4.16&Prime; background_color=\u00a0\u00bb#fffafc\u00a0\u00bb background_image=\u00a0\u00bbhttps:\/\/sofieprimeurs.com\/wp-content\/uploads\/2020\/09\/dietitian-95.jpg\u00a0\u00bb background_size=\u00a0\u00bbinitial\u00a0\u00bb background_position=\u00a0\u00bbtop_center\u00a0\u00bb custom_padding=\u00a0\u00bb0px||130px|||\u00a0\u00bb locked=\u00a0\u00bboff\u00a0\u00bb global_colors_info=\u00a0\u00bb{}\u00a0\u00bb][et_pb_row column_structure=\u00a0\u00bb1_3,1_3,1_3&Prime; custom_padding_last_edited=\u00a0\u00bbon|tablet\u00a0\u00bb padding_top_bottom_link_1=\u00a0\u00bbtrue\u00a0\u00bb padding_left_right_link_1=\u00a0\u00bbtrue\u00a0\u00bb _builder_version=\u00a0\u00bb4.16&Prime; background_color=\u00a0\u00bb#ffffff\u00a0\u00bb background_enable_image=\u00a0\u00bboff\u00a0\u00bb max_width=\u00a0\u00bb1200px\u00a0\u00bb custom_padding=\u00a0\u00bb|40px|80px|40px|false|true\u00a0\u00bb custom_padding_tablet=\u00a0\u00bb|30px||30px|false|true\u00a0\u00bb custom_padding_phone=\u00a0\u00bb50px|20px||20px|false|true\u00a0\u00bb box_shadow_style=\u00a0\u00bbpreset3&Prime; box_shadow_vertical=\u00a0\u00bb100px\u00a0\u00bb box_shadow_blur=\u00a0\u00bb60px\u00a0\u00bb box_shadow_spread=\u00a0\u00bb-31px\u00a0\u00bb box_shadow_color=\u00a0\u00bbrgba(0,0,0,0.15)\u00a0\u00bb use_custom_width=\u00a0\u00bbon\u00a0\u00bb width_unit=\u00a0\u00bboff\u00a0\u00bb custom_width_percent=\u00a0\u00bb100%\u00a0\u00bb global_colors_info=\u00a0\u00bb{}\u00a0\u00bb][et_pb_column type=\u00a0\u00bb1_3&Prime; _builder_version=\u00a0\u00bb4.16&Prime; global_colors_info=\u00a0\u00bb{}\u00a0\u00bb][et_pb_text _builder_version=\u00a0\u00bb4.16&Prime; text_font_size=\u00a0\u00bb16px\u00a0\u00bb text_line_height=\u00a0\u00bb2em\u00a0\u00bb header_2_font=\u00a0\u00bbSue Ellen Francisco||||||||\u00a0\u00bb header_2_text_color=\u00a0\u00bb#D9C28E\u00a0\u00bb header_2_font_size=\u00a0\u00bb36px\u00a0\u00bb header_2_line_height=\u00a0\u00bb2em\u00a0\u00bb text_orientation=\u00a0\u00bbcenter\u00a0\u00bb text_font_size_tablet=\u00a0\u00bb\u00a0\u00bb text_font_size_phone=\u00a0\u00bb14px\u00a0\u00bb text_font_size_last_edited=\u00a0\u00bbon|phone\u00a0\u00bb header_2_font_size_tablet=\u00a0\u00bb30px\u00a0\u00bb header_2_font_size_phone=\u00a0\u00bb\u00a0\u00bb header_2_font_size_last_edited=\u00a0\u00bbon|phone\u00a0\u00bb locked=\u00a0\u00bboff\u00a0\u00bb global_colors_info=\u00a0\u00bb{}\u00a0\u00bb]<\/p>\n<h2>T\u00e9l\u00e9phone<\/h2>\n<p><span style=\"text-decoration: underline;\"><span style=\"color: #333333;\"><a href=\"tel:0650259032\" style=\"color: #333333; text-decoration: underline;\">06 50 25 90 32<\/a><\/span><\/span><\/p>\n<p>[\/et_pb_text][\/et_pb_column][et_pb_column type=\u00a0\u00bb1_3&Prime; _builder_version=\u00a0\u00bb4.16&Prime; global_colors_info=\u00a0\u00bb{}\u00a0\u00bb][et_pb_text _builder_version=\u00a0\u00bb4.16&Prime; text_font_size=\u00a0\u00bb16px\u00a0\u00bb text_line_height=\u00a0\u00bb2em\u00a0\u00bb header_2_font=\u00a0\u00bbSue Ellen Francisco||||||||\u00a0\u00bb header_2_text_color=\u00a0\u00bb#751136&Prime; header_2_font_size=\u00a0\u00bb36px\u00a0\u00bb header_2_line_height=\u00a0\u00bb2em\u00a0\u00bb text_orientation=\u00a0\u00bbcenter\u00a0\u00bb text_font_size_tablet=\u00a0\u00bb\u00a0\u00bb text_font_size_phone=\u00a0\u00bb14px\u00a0\u00bb text_font_size_last_edited=\u00a0\u00bbon|phone\u00a0\u00bb header_2_font_size_tablet=\u00a0\u00bb30px\u00a0\u00bb header_2_font_size_phone=\u00a0\u00bb\u00a0\u00bb header_2_font_size_last_edited=\u00a0\u00bbon|phone\u00a0\u00bb locked=\u00a0\u00bboff\u00a0\u00bb global_colors_info=\u00a0\u00bb{}\u00a0\u00bb]<\/p>\n<h2>Email<\/h2>\n<p><span style=\"text-decoration: underline;\"><span style=\"color: #333333;\"><a href=\"mailto:sofieprimeurs@gmail.com\" style=\"color: #333333; text-decoration: underline;\">sofieprimeurs@gmail.com<\/a><\/span><\/span><\/p>\n<p>[\/et_pb_text][\/et_pb_column][et_pb_column type=\u00a0\u00bb1_3&Prime; _builder_version=\u00a0\u00bb4.16&Prime; global_colors_info=\u00a0\u00bb{}\u00a0\u00bb][et_pb_text _builder_version=\u00a0\u00bb4.16&Prime; text_font_size=\u00a0\u00bb16px\u00a0\u00bb text_line_height=\u00a0\u00bb1em\u00a0\u00bb header_2_font=\u00a0\u00bbSue Ellen Francisco||||||||\u00a0\u00bb header_2_text_color=\u00a0\u00bb#93aa82&Prime; header_2_font_size=\u00a0\u00bb36px\u00a0\u00bb header_2_line_height=\u00a0\u00bb2em\u00a0\u00bb text_orientation=\u00a0\u00bbcenter\u00a0\u00bb text_font_size_tablet=\u00a0\u00bb\u00a0\u00bb text_font_size_phone=\u00a0\u00bb14px\u00a0\u00bb text_font_size_last_edited=\u00a0\u00bbon|phone\u00a0\u00bb header_2_font_size_tablet=\u00a0\u00bb30px\u00a0\u00bb header_2_font_size_phone=\u00a0\u00bb30px\u00a0\u00bb header_2_font_size_last_edited=\u00a0\u00bbon|tablet\u00a0\u00bb global_colors_info=\u00a0\u00bb{}\u00a0\u00bb]<\/p>\n<h2>Adresse<\/h2>\n<p>20, avenue de la Princesse<\/p>\n<p>91390 Morsang-sur-Orge<\/p>\n<p>[\/et_pb_text][\/et_pb_column][\/et_pb_row][\/et_pb_section]<\/p>\n","protected":false},"excerpt":{"rendered":"<p>FAQ Des questions sur notre fonctionnement ? Trouvez toutes les r\u00e9ponses ci-dessous : La livraison est elle gratuite ? Oui, nous livrons gratuitement dans les villes desservies :\u00a0Linas, Saint-Germain-L\u00e8s-Arpajon, Arpajon, Avrainville, Saint-Sulpice de Favi\u00e8res, Breuillet, Lardy, Bouray-sur-Juine, Itteville et Bondoufle. Le paiement en ligne est-il possible ? Non, le paiement se fait \u00e0 la livraison [&hellip;]<\/p>\n","protected":false},"author":1,"featured_media":0,"parent":0,"menu_order":0,"comment_status":"closed","ping_status":"closed","template":"","meta":{"_et_pb_use_builder":"on","_et_pb_old_content":"","_et_gb_content_width":"","footnotes":""},"class_list":["post-149","page","type-page","status-publish","hentry"],"yoast_head":"<!-- This site is optimized with the Yoast SEO plugin v26.9 - https:\/\/yoast.com\/product\/yoast-seo-wordpress\/ -->\n<title>Foire Aux Questions - Sofie Primeurs<\/title>\n<meta name=\"description\" content=\"Des questions sur notre fonctionnement ?Trouvez toutes les r\u00e9ponses dans notre Foires Aux Questions - Paniers de fruits &amp; l\u00e9gumes livr\u00e9s en Essonne\" \/>\n<meta name=\"robots\" content=\"index, follow, max-snippet:-1, max-image-preview:large, max-video-preview:-1\" \/>\n<link rel=\"canonical\" href=\"https:\/\/sofieprimeurs.com\/index.php\/foire-aux-questions\/\" \/>\n<meta property=\"og:locale\" content=\"fr_FR\" \/>\n<meta property=\"og:type\" content=\"article\" \/>\n<meta property=\"og:title\" content=\"Foire Aux Questions - Sofie Primeurs\" \/>\n<meta property=\"og:description\" content=\"Des questions sur notre fonctionnement ?Trouvez toutes les r\u00e9ponses dans notre Foires Aux Questions - Paniers de fruits &amp; l\u00e9gumes livr\u00e9s en Essonne\" \/>\n<meta property=\"og:url\" content=\"https:\/\/sofieprimeurs.com\/index.php\/foire-aux-questions\/\" \/>\n<meta property=\"og:site_name\" content=\"Sofie Primeurs\" \/>\n<meta property=\"article:modified_time\" content=\"2025-07-07T09:46:47+00:00\" \/>\n<meta name=\"twitter:card\" content=\"summary_large_image\" \/>\n<meta name=\"twitter:label1\" content=\"Dur\u00e9e de lecture estim\u00e9e\" \/>\n\t<meta name=\"twitter:data1\" content=\"5 minutes\" \/>\n<script type=\"application\/ld+json\" class=\"yoast-schema-graph\">{\"@context\":\"https:\/\/schema.org\",\"@graph\":[{\"@type\":\"WebPage\",\"@id\":\"https:\/\/sofieprimeurs.com\/index.php\/foire-aux-questions\/\",\"url\":\"https:\/\/sofieprimeurs.com\/index.php\/foire-aux-questions\/\",\"name\":\"Foire Aux Questions - Sofie Primeurs\",\"isPartOf\":{\"@id\":\"https:\/\/sofieprimeurs.com\/#website\"},\"datePublished\":\"2020-09-01T10:27:09+00:00\",\"dateModified\":\"2025-07-07T09:46:47+00:00\",\"description\":\"Des questions sur notre fonctionnement ?Trouvez toutes les r\u00e9ponses dans notre Foires Aux Questions - Paniers de fruits & l\u00e9gumes livr\u00e9s en Essonne\",\"breadcrumb\":{\"@id\":\"https:\/\/sofieprimeurs.com\/index.php\/foire-aux-questions\/#breadcrumb\"},\"inLanguage\":\"fr-FR\",\"potentialAction\":[{\"@type\":\"ReadAction\",\"target\":[\"https:\/\/sofieprimeurs.com\/index.php\/foire-aux-questions\/\"]}]},{\"@type\":\"BreadcrumbList\",\"@id\":\"https:\/\/sofieprimeurs.com\/index.php\/foire-aux-questions\/#breadcrumb\",\"itemListElement\":[{\"@type\":\"ListItem\",\"position\":1,\"name\":\"Accueil\",\"item\":\"https:\/\/sofieprimeurs.com\/\"},{\"@type\":\"ListItem\",\"position\":2,\"name\":\"Foire Aux Questions\"}]},{\"@type\":\"WebSite\",\"@id\":\"https:\/\/sofieprimeurs.com\/#website\",\"url\":\"https:\/\/sofieprimeurs.com\/\",\"name\":\"Sofie Primeurs\",\"description\":\"Paniers de fruits &amp; l\u00e9gumes livr\u00e9s en Essonne\",\"publisher\":{\"@id\":\"https:\/\/sofieprimeurs.com\/#organization\"},\"inLanguage\":\"fr-FR\"},{\"@type\":\"Organization\",\"@id\":\"https:\/\/sofieprimeurs.com\/#organization\",\"name\":\"Sofie Primeurs\",\"url\":\"https:\/\/sofieprimeurs.com\/\",\"logo\":{\"@type\":\"ImageObject\",\"inLanguage\":\"fr-FR\",\"@id\":\"https:\/\/sofieprimeurs.com\/#\/schema\/logo\/image\/\",\"url\":\"https:\/\/sofieprimeurs.com\/wp-content\/uploads\/2020\/09\/logosophiedef-2.png\",\"contentUrl\":\"https:\/\/sofieprimeurs.com\/wp-content\/uploads\/2020\/09\/logosophiedef-2.png\",\"width\":2835,\"height\":4012,\"caption\":\"Sofie Primeurs\"},\"image\":{\"@id\":\"https:\/\/sofieprimeurs.com\/#\/schema\/logo\/image\/\"}}]}<\/script>\n<!-- \/ Yoast SEO plugin. -->","yoast_head_json":{"title":"Foire Aux Questions - Sofie Primeurs","description":"Des questions sur notre fonctionnement ?Trouvez toutes les r\u00e9ponses dans notre Foires Aux Questions - Paniers de fruits & l\u00e9gumes livr\u00e9s en Essonne","robots":{"index":"index","follow":"follow","max-snippet":"max-snippet:-1","max-image-preview":"max-image-preview:large","max-video-preview":"max-video-preview:-1"},"canonical":"https:\/\/sofieprimeurs.com\/index.php\/foire-aux-questions\/","og_locale":"fr_FR","og_type":"article","og_title":"Foire Aux Questions - Sofie Primeurs","og_description":"Des questions sur notre fonctionnement ?Trouvez toutes les r\u00e9ponses dans notre Foires Aux Questions - Paniers de fruits & l\u00e9gumes livr\u00e9s en Essonne","og_url":"https:\/\/sofieprimeurs.com\/index.php\/foire-aux-questions\/","og_site_name":"Sofie Primeurs","article_modified_time":"2025-07-07T09:46:47+00:00","twitter_card":"summary_large_image","twitter_misc":{"Dur\u00e9e de lecture estim\u00e9e":"5 minutes"},"schema":{"@context":"https:\/\/schema.org","@graph":[{"@type":"WebPage","@id":"https:\/\/sofieprimeurs.com\/index.php\/foire-aux-questions\/","url":"https:\/\/sofieprimeurs.com\/index.php\/foire-aux-questions\/","name":"Foire Aux Questions - Sofie Primeurs","isPartOf":{"@id":"https:\/\/sofieprimeurs.com\/#website"},"datePublished":"2020-09-01T10:27:09+00:00","dateModified":"2025-07-07T09:46:47+00:00","description":"Des questions sur notre fonctionnement ?Trouvez toutes les r\u00e9ponses dans notre Foires Aux Questions - Paniers de fruits & l\u00e9gumes livr\u00e9s en Essonne","breadcrumb":{"@id":"https:\/\/sofieprimeurs.com\/index.php\/foire-aux-questions\/#breadcrumb"},"inLanguage":"fr-FR","potentialAction":[{"@type":"ReadAction","target":["https:\/\/sofieprimeurs.com\/index.php\/foire-aux-questions\/"]}]},{"@type":"BreadcrumbList","@id":"https:\/\/sofieprimeurs.com\/index.php\/foire-aux-questions\/#breadcrumb","itemListElement":[{"@type":"ListItem","position":1,"name":"Accueil","item":"https:\/\/sofieprimeurs.com\/"},{"@type":"ListItem","position":2,"name":"Foire Aux Questions"}]},{"@type":"WebSite","@id":"https:\/\/sofieprimeurs.com\/#website","url":"https:\/\/sofieprimeurs.com\/","name":"Sofie Primeurs","description":"Paniers de fruits &amp; l\u00e9gumes livr\u00e9s en Essonne","publisher":{"@id":"https:\/\/sofieprimeurs.com\/#organization"},"inLanguage":"fr-FR"},{"@type":"Organization","@id":"https:\/\/sofieprimeurs.com\/#organization","name":"Sofie Primeurs","url":"https:\/\/sofieprimeurs.com\/","logo":{"@type":"ImageObject","inLanguage":"fr-FR","@id":"https:\/\/sofieprimeurs.com\/#\/schema\/logo\/image\/","url":"https:\/\/sofieprimeurs.com\/wp-content\/uploads\/2020\/09\/logosophiedef-2.png","contentUrl":"https:\/\/sofieprimeurs.com\/wp-content\/uploads\/2020\/09\/logosophiedef-2.png","width":2835,"height":4012,"caption":"Sofie Primeurs"},"image":{"@id":"https:\/\/sofieprimeurs.com\/#\/schema\/logo\/image\/"}}]}},"_links":{"self":[{"href":"https:\/\/sofieprimeurs.com\/index.php\/wp-json\/wp\/v2\/pages\/149","targetHints":{"allow":["GET"]}}],"collection":[{"href":"https:\/\/sofieprimeurs.com\/index.php\/wp-json\/wp\/v2\/pages"}],"about":[{"href":"https:\/\/sofieprimeurs.com\/index.php\/wp-json\/wp\/v2\/types\/page"}],"author":[{"embeddable":true,"href":"https:\/\/sofieprimeurs.com\/index.php\/wp-json\/wp\/v2\/users\/1"}],"replies":[{"embeddable":true,"href":"https:\/\/sofieprimeurs.com\/index.php\/wp-json\/wp\/v2\/comments?post=149"}],"version-history":[{"count":30,"href":"https:\/\/sofieprimeurs.com\/index.php\/wp-json\/wp\/v2\/pages\/149\/revisions"}],"predecessor-version":[{"id":6452,"href":"https:\/\/sofieprimeurs.com\/index.php\/wp-json\/wp\/v2\/pages\/149\/revisions\/6452"}],"wp:attachment":[{"href":"https:\/\/sofieprimeurs.com\/index.php\/wp-json\/wp\/v2\/media?parent=149"}],"curies":[{"name":"wp","href":"https:\/\/api.w.org\/{rel}","templated":true}]}}